{"id":323,"date":"2022-03-31T12:49:19","date_gmt":"2022-03-31T10:49:19","guid":{"rendered":"http:\/\/fiducia.lu\/liens-utiles\/"},"modified":"2022-04-27T16:45:28","modified_gmt":"2022-04-27T14:45:28","slug":"useful-links","status":"publish","type":"page","link":"https:\/\/fiducia.lu\/en\/useful-links\/","title":{"rendered":"Useful links"},"content":{"rendered":"<section class=\"wpb-content-wrapper\"><p>[vc_section full_width=&#8221;stretch_row&#8221; el_class=&#8221;bg-sec&#8221; css=&#8221;.vc_custom_1648730716866{background-image: url(\/wp-content\/uploads\/2022\/03\/Mask-Group-15.jpg?id=167) !important;}&#8221;][vc_row full_width=&#8221;stretch_row_content&#8221; equal_height=&#8221;yes&#8221; el_id=&#8221;intro-text-row&#8221;][vc_column width=&#8221;1\/5&#8243;][\/vc_column][vc_column width=&#8221;3\/5&#8243;][vc_column_text el_class=&#8221;colored&#8221; css=&#8221;.vc_custom_1648731267704{margin-bottom: 0px !important;}&#8221;]<\/p>\n<h1><strong>Useful links<\/strong><\/h1>\n<p>[\/vc_column_text][vc_column_text el_class=&#8221;colored&#8221;]<\/p>\n<h4>Here you will find links to various sites of administrations, services or organizations, which will be useful for the management of your business or for the start of your project.<\/h4>\n<p>[\/vc_column_text][\/vc_column][vc_column width=&#8221;1\/5&#8243;][\/vc_column][\/vc_row][vc_row equal_height=&#8221;yes&#8221; el_id=&#8221;intro-links-row&#8221;][vc_column width=&#8221;1\/3&#8243;][vc_column_text el_class=&#8221;al-center colored big&#8221;]Administrations and official sites[\/vc_column_text][vc_single_image image=&#8221;173&#8243; img_size=&#8221;full&#8221; alignment=&#8221;center&#8221; css=&#8221;.vc_custom_1648730918877{margin-bottom: 0px !important;}&#8221;][vc_btn title=&#8221;More info&#8221; align=&#8221;center&#8221; link=&#8221;url:%23administration&#8221; el_class=&#8221;cta-btn scroll inverse-cta-btn&#8221;][\/vc_column][vc_column width=&#8221;1\/3&#8243;][vc_column_text el_class=&#8221;al-center white big&#8221;]Useful forms[\/vc_column_text][vc_single_image image=&#8221;171&#8243; img_size=&#8221;full&#8221; alignment=&#8221;center&#8221; css=&#8221;.vc_custom_1648730895739{margin-bottom: 0px !important;}&#8221;][vc_btn title=&#8221;More info&#8221; align=&#8221;center&#8221; link=&#8221;url:%23forms&#8221; el_class=&#8221;cta-btn scroll cta-btn-hwb&#8221;][\/vc_column][vc_column width=&#8221;1\/3&#8243;][vc_column_text el_class=&#8221;al-center colored big&#8221;]Other links[\/vc_column_text][vc_single_image image=&#8221;175&#8243; img_size=&#8221;full&#8221; alignment=&#8221;center&#8221; css=&#8221;.vc_custom_1648730947117{margin-bottom: 0px !important;}&#8221;][vc_btn title=&#8221;More info&#8221; align=&#8221;center&#8221; link=&#8221;url:%23other&#8221; el_class=&#8221;cta-btn scroll inverse-cta-btn&#8221;][\/vc_column][\/vc_row][\/vc_section][vc_section el_id=&#8221;administration&#8221;][vc_row][vc_column][vc_column_text el_class=&#8221;colored&#8221;]<\/p>\n<h2>Administrations and official sites<\/h2>\n<p>[\/vc_column_text][\/vc_column][\/vc_row][vc_row equal_height=&#8221;yes&#8221; el_class=&#8221;link-row&#8221;][vc_column width=&#8221;1\/4&#8243;][vc_column_text el_class=&#8221;al-center semi-small black&#8221;]Directory of Luxembourg public websites[\/vc_column_text][vc_single_image image=&#8221;179&#8243; img_size=&#8221;full&#8221; alignment=&#8221;center&#8221; onclick=&#8221;custom_link&#8221; link=&#8221;https:\/\/etat.public.lu\/&#8221;][\/vc_column][vc_column width=&#8221;1\/4&#8243;][vc_column_text el_class=&#8221;al-center semi-small black&#8221;]Luxembourg Inland Revenue[\/vc_column_text][vc_single_image image=&#8221;179&#8243; img_size=&#8221;full&#8221; alignment=&#8221;center&#8221; onclick=&#8221;custom_link&#8221; link=&#8221;https:\/\/acd.gouvernement.lu\/en.html&#8221;][\/vc_column][vc_column width=&#8221;1\/4&#8243;][vc_column_text el_class=&#8221;al-center semi-small black&#8221;]Indirect taxation portal[\/vc_column_text][vc_single_image image=&#8221;181&#8243; img_size=&#8221;full&#8221; alignment=&#8221;center&#8221; onclick=&#8221;custom_link&#8221; link=&#8221;https:\/\/pfi.public.lu\/fr.html&#8221;][\/vc_column][vc_column width=&#8221;1\/4&#8243;][vc_column_text el_class=&#8221;al-center semi-small black&#8221;]Plateforme \u00e9lectronique de Collecte des Donn\u00e9es Financi\u00e8res :[\/vc_column_text][vc_single_image image=&#8221;179&#8243; img_size=&#8221;full&#8221; alignment=&#8221;center&#8221; onclick=&#8221;custom_link&#8221; link=&#8221;https:\/\/ecdf.b2g.etat.lu\/ecdf\/&#8221;][\/vc_column][\/vc_row][vc_row equal_height=&#8221;yes&#8221; el_class=&#8221;link-row&#8221;][vc_column width=&#8221;1\/4&#8243;][vc_column_text el_class=&#8221;al-center semi-small black&#8221;]Myguichet.lu[\/vc_column_text][vc_single_image image=&#8221;183&#8243; img_size=&#8221;full&#8221; alignment=&#8221;center&#8221; onclick=&#8221;custom_link&#8221; link=&#8221;https:\/\/guichet.public.lu\/en\/myguichet.html&#8221;][\/vc_column][vc_column width=&#8221;1\/4&#8243;][vc_column_text el_class=&#8221;al-center semi-small black&#8221;]Luxembourg Business Registrer[\/vc_column_text][vc_single_image image=&#8221;185&#8243; img_size=&#8221;full&#8221; alignment=&#8221;center&#8221; onclick=&#8221;custom_link&#8221; link=&#8221;https:\/\/www.lbr.lu\/&#8221;][\/vc_column][vc_column width=&#8221;1\/4&#8243;][vc_column_text el_class=&#8221;al-center semi-small black&#8221;]Caisse de nationale de sant\u00e9[\/vc_column_text][vc_single_image image=&#8221;187&#8243; img_size=&#8221;full&#8221; alignment=&#8221;center&#8221; onclick=&#8221;custom_link&#8221; link=&#8221;https:\/\/cns.public.lu\/en.html&#8221;][\/vc_column][vc_column width=&#8221;1\/4&#8243;][vc_column_text el_class=&#8221;al-center semi-small black&#8221;]Official Journal of the Grand Duchy of Luxembourg[\/vc_column_text][vc_single_image image=&#8221;179&#8243; img_size=&#8221;full&#8221; alignment=&#8221;center&#8221; onclick=&#8221;custom_link&#8221; link=&#8221;https:\/\/legilux.public.lu\/&#8221;][\/vc_column][\/vc_row][vc_row equal_height=&#8221;yes&#8221; el_class=&#8221;link-row&#8221;][vc_column width=&#8221;1\/4&#8243;][vc_column_text el_class=&#8221;al-center semi-small black&#8221;]D\u00e9partement des classes moyennes[\/vc_column_text][vc_single_image image=&#8221;179&#8243; img_size=&#8221;full&#8221; alignment=&#8221;center&#8221; onclick=&#8221;custom_link&#8221; link=&#8221;https:\/\/meco.gouvernement.lu\/en.html&#8221;][\/vc_column][vc_column width=&#8221;1\/4&#8243;][vc_column_text el_class=&#8221;al-center semi-small black&#8221;]STATEC[\/vc_column_text][vc_single_image image=&#8221;189&#8243; img_size=&#8221;full&#8221; alignment=&#8221;center&#8221; onclick=&#8221;custom_link&#8221; link=&#8221;http:\/\/www.statistiques.public.lu\/&#8221;][\/vc_column][\/vc_row][\/vc_section][vc_section el_id=&#8221;other&#8221;][vc_row][vc_column][vc_column_text el_class=&#8221;colored&#8221;]<\/p>\n<h2>Other links<\/h2>\n<p>[\/vc_column_text][\/vc_column][\/vc_row][vc_row equal_height=&#8221;yes&#8221; el_class=&#8221;link-row&#8221;][vc_column width=&#8221;1\/4&#8243;][vc_column_text el_class=&#8221;al-center semi-small black&#8221;]Chamber of Commerce of Luxembourg[\/vc_column_text][vc_single_image image=&#8221;192&#8243; img_size=&#8221;full&#8221; alignment=&#8221;center&#8221; onclick=&#8221;custom_link&#8221; link=&#8221;https:\/\/www.cc.lu\/en\/&#8221;][\/vc_column][vc_column width=&#8221;1\/4&#8243;][vc_column_text el_class=&#8221;al-center semi-small black&#8221;]Chambre des M\u00e9tiers du Luxembourg[\/vc_column_text][vc_single_image image=&#8221;194&#8243; img_size=&#8221;full&#8221; alignment=&#8221;center&#8221; onclick=&#8221;custom_link&#8221; link=&#8221;https:\/\/www.cdm.lu\/&#8221;][\/vc_column][vc_column width=&#8221;1\/4&#8243;][vc_column_text el_class=&#8221;al-center semi-small black&#8221;]Commission de Surveillance du Secteur Financier<br \/>\n<small>(Fiducia Audit is approved by the CSSF)<\/small>[\/vc_column_text][vc_single_image image=&#8221;196&#8243; img_size=&#8221;full&#8221; alignment=&#8221;center&#8221; onclick=&#8221;custom_link&#8221; link=&#8221;https:\/\/www.cssf.lu\/en\/&#8221;][\/vc_column][vc_column width=&#8221;1\/4&#8243;][vc_column_text el_class=&#8221;al-center semi-small black&#8221;]Ordre des Experts Comptables<br \/>\n<small>(Fiducia S.A. is a member of the OEC)<\/small>[\/vc_column_text][vc_single_image image=&#8221;198&#8243; img_size=&#8221;full&#8221; alignment=&#8221;center&#8221; onclick=&#8221;custom_link&#8221; link=&#8221;https:\/\/oec.lu\/&#8221;][\/vc_column][\/vc_row][vc_row equal_height=&#8221;yes&#8221; el_class=&#8221;link-row&#8221;][vc_column width=&#8221;1\/4&#8243;][vc_column_text el_class=&#8221;al-center semi-small black&#8221;]Institut des R\u00e9viseurs d\u2019Entreprises<br \/>\n<small>(Fiducia Audit est membre de l\u2019IRE)<\/small>[\/vc_column_text][vc_single_image image=&#8221;202&#8243; img_size=&#8221;full&#8221; alignment=&#8221;center&#8221; onclick=&#8221;custom_link&#8221; link=&#8221;https:\/\/ire.lu\/&#8221;][\/vc_column][vc_column width=&#8221;1\/4&#8243;][vc_column_text el_class=&#8221;al-center semi-small black&#8221;]VIES : VAT number validation[\/vc_column_text][vc_single_image image=&#8221;200&#8243; img_size=&#8221;full&#8221; alignment=&#8221;center&#8221; onclick=&#8221;custom_link&#8221; link=&#8221;https:\/\/ec.europa.eu\/taxation_customs\/vies\/?locale=en&#8221;][\/vc_column][\/vc_row][\/vc_section][vc_section el_id=&#8221;forms&#8221;][vc_row][vc_column width=&#8221;1\/3&#8243;][vc_column_text el_class=&#8221;black&#8221;]<\/p>\n<h2 class=\"colored\">Useful forms<\/h2>\n<p>We recommend that you use the services of a professional to complete some of the steps outlined below.[\/vc_column_text][\/vc_column][vc_column width=&#8221;2\/3&#8243;][vc_single_image image=&#8221;205&#8243; img_size=&#8221;full&#8221; alignment=&#8221;center&#8221;][\/vc_column][\/vc_row][vc_row][vc_column width=&#8221;1\/2&#8243;][vc_column_text el_class=&#8221;link-list&#8221;]<\/p>\n<h3 class=\"colored\">Application for an establishment permit:<\/h3>\n<ul class=\"black semi-small\">\n<li><a href=\"https:\/\/guichet.public.lu\/en\/entreprises\/creation-developpement\/autorisation-etablissement\/autorisation-honorabilite\/autorisation-etablissement.html\" target=\"_blank\" rel=\"nofollow noopener\">Authorization of establishment and professional integrity<\/a><\/li>\n<\/ul>\n<p>[\/vc_column_text][\/vc_column][vc_column width=&#8221;1\/2&#8243;][vc_column_text el_class=&#8221;link-list&#8221;]<\/p>\n<h3 class=\"colored\">Application for a certificate of VAT liability :<\/h3>\n<ul class=\"black semi-small\">\n<li><a href=\"http:\/\/www.aed.public.lu\/tva\/attestations\/index.php\" target=\"_blank\" rel=\"nofollow noopener\">Request for a certificate <\/a><\/li>\n<li><a href=\"http:\/\/www.aed.public.lu\/formulaires\/FormulairesFR\/DeclInitiale\/index.html\" target=\"_blank\" rel=\"nofollow noopener\">Application for a Luxembourg VAT number <\/a><\/li>\n<li><a href=\"http:\/\/www.aed.public.lu\/formulaires\/FormulairesFR\/DeclTVA\/index.html\" target=\"_blank\" rel=\"nofollow noopener\">VAT declarations <\/a><\/li>\n<li><a href=\"http:\/\/www.aed.public.lu\/formulaires\/FormulairesFR\/Declcessation\/Cess_F1.pdf\" target=\"_blank\" rel=\"nofollow noopener\">Declaration of cessation of VAT<\/a><\/li>\n<\/ul>\n<p>[\/vc_column_text][\/vc_column][\/vc_row][vc_row][vc_column width=&#8221;1\/2&#8243;][vc_column_text el_class=&#8221;link-list&#8221;]<\/p>\n<h3 class=\"colored\">Tax returns :<\/h3>\n<ul class=\"black semi-small\">\n<li><a href=\"https:\/\/impotsdirects.public.lu\/fr\/formulaires\/pers_physiques.html\" target=\"_blank\" rel=\"nofollow noopener\">Tax returns for individuals <\/a><\/li>\n<li><a href=\"https:\/\/impotsdirects.public.lu\/fr\/formulaires\/fiches_d_impot.html\" target=\"_blank\" rel=\"nofollow noopener\">Tax forms (RTS) for individuals <\/a><\/li>\n<li><a href=\"https:\/\/impotsdirects.public.lu\/fr\/formulaires\/decompte_annuel.html\" target=\"_blank\" rel=\"nofollow noopener\">Annual statements (RTS) for individuals <\/a><\/li>\n<li><a href=\"https:\/\/impotsdirects.public.lu\/fr\/formulaires\/collectivites.html\" target=\"_blank\" rel=\"nofollow noopener\">Tax returns for legal entities <\/a><\/li>\n<li><a href=\"https:\/\/impotsdirects.public.lu\/fr\/formulaires\/entreprises_annexes.html\" target=\"_blank\" rel=\"nofollow noopener\">Tax Returns for Legal Entities &#8211; Business Schedules<\/a><\/li>\n<\/ul>\n<p>[\/vc_column_text][\/vc_column][vc_column width=&#8221;1\/2&#8243;][vc_column_text el_class=&#8221;link-list&#8221;]<\/p>\n<h3 class=\"colored\">Useful information:<\/h3>\n<ul class=\"black semi-small\">\n<li><a href=\"https:\/\/impotsdirects.public.lu\/fr\/az\/c\/calendrierfiscal.html\" target=\"_blank\" rel=\"nofollow noopener\">Luxembourg tax calendar<\/a><\/li>\n<li><a href=\"https:\/\/luxembourg.public.lu\/en\/living\/quality-of-life\/public-holidays.html\" target=\"_blank\" rel=\"nofollow noopener\">Public Holidays in Luxembourg<\/a><\/li>\n<li><a href=\"https:\/\/www.officeholidays.com\/countries\/belgium\" target=\"_blank\" rel=\"nofollow noopener\">Public holidays in Belgium<\/a><\/li>\n<li><a href=\"https:\/\/www.officeholidays.com\/countries\/france\" target=\"_blank\" rel=\"nofollow noopener\">Public holidays in France<\/a><\/li>\n<li><a href=\"https:\/\/www.officeholidays.com\/countries\/germany\/\" target=\"_blank\" rel=\"nofollow noopener\">Public holidays in Germany<\/a><\/li>\n<\/ul>\n<p>[\/vc_column_text][\/vc_column][\/vc_row][\/vc_section]<\/p>\n<\/section>","protected":false},"excerpt":{"rendered":"<p>[vc_section full_width=&#8221;stretch_row&#8221; el_class=&#8221;bg-sec&#8221; css=&#8221;.vc_custom_1648730716866{background-image: url(\/wp-content\/uploads\/2022\/03\/Mask-Group-15.jpg?id=167) !important;}&#8221;][vc_row full_width=&#8221;stretch_row_content&#8221; equal_height=&#8221;yes&#8221; el_id=&#8221;intro-text-row&#8221;][vc_column width=&#8221;1\/5&#8243;][\/vc_column][vc_column width=&#8221;3\/5&#8243;][vc_column_text el_class=&#8221;colored&#8221; css=&#8221;.vc_custom_1648731267704{margin-bottom: 0px !important;}&#8221;] Useful links [\/vc_column_text][vc_column_text el_class=&#8221;colored&#8221;] Here you will find links to various<span class=\"excerpt-hellip\"> [\u2026]<\/span><\/p>\n","protected":false},"author":1,"featured_media":0,"parent":0,"menu_order":0,"comment_status":"closed","ping_status":"closed","template":"","meta":{"inline_featured_image":false,"footnotes":""},"class_list":["post-323","page","type-page","status-publish","hentry"],"yoast_head":"<!-- This site is optimized with the Yoast SEO plugin v20.8 - https:\/\/yoast.com\/wordpress\/plugins\/seo\/ -->\n<title>Useful links - Fiducia<\/title>\n<meta name=\"robots\" content=\"index, follow, max-snippet:-1, max-image-preview:large, max-video-preview:-1\" \/>\n<link rel=\"canonical\" href=\"https:\/\/fiducia.lu\/en\/useful-links\/\" \/>\n<meta property=\"og:locale\" content=\"en_US\" \/>\n<meta property=\"og:type\" content=\"article\" \/>\n<meta property=\"og:title\" content=\"Useful links - Fiducia\" \/>\n<meta property=\"og:description\" content=\"[vc_section full_width=&#8221;stretch_row&#8221; el_class=&#8221;bg-sec&#8221; css=&#8221;.vc_custom_1648730716866{background-image: url(\/wp-content\/uploads\/2022\/03\/Mask-Group-15.jpg?id=167) !important;}&#8221;][vc_row full_width=&#8221;stretch_row_content&#8221; equal_height=&#8221;yes&#8221; el_id=&#8221;intro-text-row&#8221;][vc_column width=&#8221;1\/5&#8243;][\/vc_column][vc_column width=&#8221;3\/5&#8243;][vc_column_text el_class=&#8221;colored&#8221; css=&#8221;.vc_custom_1648731267704{margin-bottom: 0px !important;}&#8221;] Useful links [\/vc_column_text][vc_column_text el_class=&#8221;colored&#8221;] Here you will find links to various [\u2026]\" \/>\n<meta property=\"og:url\" content=\"https:\/\/fiducia.lu\/en\/useful-links\/\" \/>\n<meta property=\"og:site_name\" content=\"Fiducia\" \/>\n<meta property=\"article:modified_time\" content=\"2022-04-27T14:45:28+00:00\" \/>\n<meta name=\"twitter:card\" content=\"summary_large_image\" \/>\n<meta name=\"twitter:label1\" content=\"Est. reading time\" \/>\n\t<meta name=\"twitter:data1\" content=\"3 minutes\" \/>\n<script type=\"application\/ld+json\" class=\"yoast-schema-graph\">{\"@context\":\"https:\/\/schema.org\",\"@graph\":[{\"@type\":\"WebPage\",\"@id\":\"https:\/\/fiducia.lu\/en\/useful-links\/\",\"url\":\"https:\/\/fiducia.lu\/en\/useful-links\/\",\"name\":\"Useful links - Fiducia\",\"isPartOf\":{\"@id\":\"https:\/\/fiducia.lu\/#website\"},\"datePublished\":\"2022-03-31T10:49:19+00:00\",\"dateModified\":\"2022-04-27T14:45:28+00:00\",\"breadcrumb\":{\"@id\":\"https:\/\/fiducia.lu\/en\/useful-links\/#breadcrumb\"},\"inLanguage\":\"en-US\",\"potentialAction\":[{\"@type\":\"ReadAction\",\"target\":[\"https:\/\/fiducia.lu\/en\/useful-links\/\"]}]},{\"@type\":\"BreadcrumbList\",\"@id\":\"https:\/\/fiducia.lu\/en\/useful-links\/#breadcrumb\",\"itemListElement\":[{\"@type\":\"ListItem\",\"position\":1,\"name\":\"Home\",\"item\":\"https:\/\/fiducia.lu\/en\/accueil\/\"},{\"@type\":\"ListItem\",\"position\":2,\"name\":\"Useful links\"}]},{\"@type\":\"WebSite\",\"@id\":\"https:\/\/fiducia.lu\/#website\",\"url\":\"https:\/\/fiducia.lu\/\",\"name\":\"Fiducia\",\"description\":\"\",\"inLanguage\":\"en-US\"}]}<\/script>\n<!-- \/ Yoast SEO plugin. -->","yoast_head_json":{"title":"Useful links - Fiducia","robots":{"index":"index","follow":"follow","max-snippet":"max-snippet:-1","max-image-preview":"max-image-preview:large","max-video-preview":"max-video-preview:-1"},"canonical":"https:\/\/fiducia.lu\/en\/useful-links\/","og_locale":"en_US","og_type":"article","og_title":"Useful links - Fiducia","og_description":"[vc_section full_width=&#8221;stretch_row&#8221; el_class=&#8221;bg-sec&#8221; css=&#8221;.vc_custom_1648730716866{background-image: url(\/wp-content\/uploads\/2022\/03\/Mask-Group-15.jpg?id=167) !important;}&#8221;][vc_row full_width=&#8221;stretch_row_content&#8221; equal_height=&#8221;yes&#8221; el_id=&#8221;intro-text-row&#8221;][vc_column width=&#8221;1\/5&#8243;][\/vc_column][vc_column width=&#8221;3\/5&#8243;][vc_column_text el_class=&#8221;colored&#8221; css=&#8221;.vc_custom_1648731267704{margin-bottom: 0px !important;}&#8221;] Useful links [\/vc_column_text][vc_column_text el_class=&#8221;colored&#8221;] Here you will find links to various [\u2026]","og_url":"https:\/\/fiducia.lu\/en\/useful-links\/","og_site_name":"Fiducia","article_modified_time":"2022-04-27T14:45:28+00:00","twitter_card":"summary_large_image","twitter_misc":{"Est. reading time":"3 minutes"},"schema":{"@context":"https:\/\/schema.org","@graph":[{"@type":"WebPage","@id":"https:\/\/fiducia.lu\/en\/useful-links\/","url":"https:\/\/fiducia.lu\/en\/useful-links\/","name":"Useful links - Fiducia","isPartOf":{"@id":"https:\/\/fiducia.lu\/#website"},"datePublished":"2022-03-31T10:49:19+00:00","dateModified":"2022-04-27T14:45:28+00:00","breadcrumb":{"@id":"https:\/\/fiducia.lu\/en\/useful-links\/#breadcrumb"},"inLanguage":"en-US","potentialAction":[{"@type":"ReadAction","target":["https:\/\/fiducia.lu\/en\/useful-links\/"]}]},{"@type":"BreadcrumbList","@id":"https:\/\/fiducia.lu\/en\/useful-links\/#breadcrumb","itemListElement":[{"@type":"ListItem","position":1,"name":"Home","item":"https:\/\/fiducia.lu\/en\/accueil\/"},{"@type":"ListItem","position":2,"name":"Useful links"}]},{"@type":"WebSite","@id":"https:\/\/fiducia.lu\/#website","url":"https:\/\/fiducia.lu\/","name":"Fiducia","description":"","inLanguage":"en-US"}]}},"_links":{"self":[{"href":"https:\/\/fiducia.lu\/en\/wp-json\/wp\/v2\/pages\/323","targetHints":{"allow":["GET"]}}],"collection":[{"href":"https:\/\/fiducia.lu\/en\/wp-json\/wp\/v2\/pages"}],"about":[{"href":"https:\/\/fiducia.lu\/en\/wp-json\/wp\/v2\/types\/page"}],"author":[{"embeddable":true,"href":"https:\/\/fiducia.lu\/en\/wp-json\/wp\/v2\/users\/1"}],"replies":[{"embeddable":true,"href":"https:\/\/fiducia.lu\/en\/wp-json\/wp\/v2\/comments?post=323"}],"version-history":[{"count":3,"href":"https:\/\/fiducia.lu\/en\/wp-json\/wp\/v2\/pages\/323\/revisions"}],"predecessor-version":[{"id":326,"href":"https:\/\/fiducia.lu\/en\/wp-json\/wp\/v2\/pages\/323\/revisions\/326"}],"wp:attachment":[{"href":"https:\/\/fiducia.lu\/en\/wp-json\/wp\/v2\/media?parent=323"}],"curies":[{"name":"wp","href":"https:\/\/api.w.org\/{rel}","templated":true}]}}